{"id":2162,"date":"2025-02-24T10:33:04","date_gmt":"2025-02-24T10:33:04","guid":{"rendered":"https:\/\/www.aydinlarmadencilik.com.tr\/?post_type=product&#038;p=2162"},"modified":"2025-02-24T10:33:04","modified_gmt":"2025-02-24T10:33:04","slug":"orkide-topragi","status":"publish","type":"product","link":"https:\/\/www.aydinlarmadencilik.com.tr\/ar\/product\/orkide-topragi\/","title":{"rendered":"Orkide Topra\u011f\u0131"},"content":{"rendered":"","protected":false},"excerpt":{"rendered":"<p>Nif Organik Orkide Topra\u011f\u0131\u2019n\u0131 olu\u015fturan \u00f6zel kar\u0131\u015f\u0131m sayesinde orkide k\u00f6kleri yeterli derecede \u0131\u015f\u0131k ve hava al\u0131r. \u0130\u00e7eri\u011findeki \u00f6zel \u00e7am kabu\u011fu, me\u015fe odunu k\u00f6m\u00fcr\u00fc, volkanik c\u00fcruf ve beyaz pomza ile orkide i\u00e7in gerekli asidik ortam sa\u011flanm\u0131\u015f olur.<\/p>\n<p>\u201cNif Organik Orkide Topra\u011f\u0131\u201d t\u00fcm orkide \u00e7e\u015fitleri i\u00e7in kullan\u0131labilir. Dengeli yap\u0131s\u0131 ve uygun PH\u2019si ile orkideler i\u00e7in \u00f6nem arz eden, k\u00f6klerin hava ve \u0131\u015f\u0131k alma isteklerini kar\u015f\u0131lar.<\/p>\n<p><strong>Ambalaj:\u00a0<\/strong><\/p>\n<p>3 LT<\/p>\n","protected":false},"featured_media":740,"template":"","meta":{"_acf_changed":false},"product_brand":[],"product_cat":[38],"product_tag":[],"class_list":{"0":"post-2162","1":"product","2":"type-product","3":"status-publish","4":"has-post-thumbnail","6":"product_cat-peyzaj-urunleri","8":"first","9":"instock","10":"shipping-taxable","11":"product-type-simple"},"acf":[],"_links":{"self":[{"href":"https:\/\/www.aydinlarmadencilik.com.tr\/ar\/wp-json\/wp\/v2\/product\/2162","targetHints":{"allow":["GET"]}}],"collection":[{"href":"https:\/\/www.aydinlarmadencilik.com.tr\/ar\/wp-json\/wp\/v2\/product"}],"about":[{"href":"https:\/\/www.aydinlarmadencilik.com.tr\/ar\/wp-json\/wp\/v2\/types\/product"}],"wp:featuredmedia":[{"embeddable":true,"href":"https:\/\/www.aydinlarmadencilik.com.tr\/ar\/wp-json\/wp\/v2\/media\/740"}],"wp:attachment":[{"href":"https:\/\/www.aydinlarmadencilik.com.tr\/ar\/wp-json\/wp\/v2\/media?parent=2162"}],"wp:term":[{"taxonomy":"product_brand","embeddable":true,"href":"https:\/\/www.aydinlarmadencilik.com.tr\/ar\/wp-json\/wp\/v2\/product_brand?post=2162"},{"taxonomy":"product_cat","embeddable":true,"href":"https:\/\/www.aydinlarmadencilik.com.tr\/ar\/wp-json\/wp\/v2\/product_cat?post=2162"},{"taxonomy":"product_tag","embeddable":true,"href":"https:\/\/www.aydinlarmadencilik.com.tr\/ar\/wp-json\/wp\/v2\/product_tag?post=2162"}],"curies":[{"name":"wp","href":"https:\/\/api.w.org\/{rel}","templated":true}]}}