{"id":2163,"date":"2025-02-24T10:39:53","date_gmt":"2025-02-24T10:39:53","guid":{"rendered":"https:\/\/www.aydinlarmadencilik.com.tr\/?post_type=product&#038;p=2163"},"modified":"2025-02-24T10:39:53","modified_gmt":"2025-02-24T10:39:53","slug":"solucan-bitki-besini","status":"publish","type":"product","link":"https:\/\/www.aydinlarmadencilik.com.tr\/ar\/product\/solucan-bitki-besini\/","title":{"rendered":"Solucan Bitki Besini"},"content":{"rendered":"","protected":false},"excerpt":{"rendered":"<pre><strong>SOLUCAN G\u00dcBRES\u0130<\/strong><\/pre>\n<h3><strong>-GENEL KULLANIMA UYGUN\u00a0 STER\u0130L VE\u00a0<\/strong><\/h3>\n<h3><strong>ORGAN\u0130K \u00dcR\u00dcN<\/strong><\/h3>\n<p>B\u00fcnyesinde bitki besin elementlerini organik bile\u015fikler halinde bulunduran, topra\u011f\u0131n fiziksel ve kimyasal yap\u0131s\u0131n\u0131 d\u00fczenleyen nif \u00a0organik kat\u0131 \u00e7iftlik g\u00fcbresi ile zenginle\u015ftirilmi\u015f solucan g\u00fcbresidir.<\/p>\n<p><strong>\u00d6ZELL\u0130KLER<\/strong><\/p>\n<p>Nif Organik Solucan G\u00fcbresi; i\u00e7inde bar\u0131nd\u0131rd\u0131\u011f\u0131 zengin besin de\u011ferleri ile bitkileri sa\u011fl\u0131kl\u0131 besler, h\u0131zl\u0131 ve dengeli b\u00fcy\u00fct\u00fcr, hastal\u0131klara kar\u015f\u0131 diren\u00e7li tutar.<\/p>\n<p><strong>KULLANIM ALANLARI<\/strong><\/p>\n<p>\u0130\u00e7 ve d\u0131\u015f mekan bitkilerinde, sebze yeti\u015ftiricili\u011finde, saks\u0131 de\u011fi\u015fimlerinde, a\u00e7\u0131k alan fidan yeti\u015ftiricili\u011finde kullan\u0131m i\u00e7in uygundur.<\/p>\n<p><strong>Saks\u0131 de\u011fi\u015fimi<\/strong><\/p>\n<p>Saks\u0131 hacminin \u00a01\/10 u kadar Nif Organik Solucan g\u00fcbresi ile Nif Organik S\u00fcper Toprak \u00a0kar\u0131\u015ft\u0131r\u0131larak\u00a0 bitki etraf\u0131 doldurulur ve s\u0131k\u0131\u015ft\u0131r\u0131l\u0131r. Bu sayede \/bitki besin elementlerince zengin bir kar\u0131\u015f\u0131m elde edilir. D\u00fczenli sulama yap\u0131l\u0131r<\/p>\n<p><strong>A\u00e7\u0131k alan fidan dikiminde<\/strong><\/p>\n<p>Fidan i\u00e7in a\u00e7\u0131lan \u00e7ukura 2\/4 oran\u0131nda Nif Organik S\u00fcper Toprak ve 1\/4 oran\u0131nda Nif S\u00fcper Torf\u00a0 ve 1\/4 oranonda Nif Organik Solucan G\u00fcbresi kar\u0131\u015ft\u0131r\u0131larak uygulan\u0131r.<\/p>\n<p><strong>KULLANIM ZAMANI<\/strong><\/p>\n<p>Fide ve tohum ekimleri sonbahar ve ilkbahar aylar\u0131nda, saks\u0131 de\u011fi\u015fimleri ise bitkilerin uyku zaman\u0131 olan\u00a0 Ocak, \u015eubat\u00a0 ve Mart aylar\u0131 olan yap\u0131lmas\u0131 uygundur.<\/p>\n<p><strong>\u00d6NER\u0130LER<\/strong><\/p>\n<p>Bitkilerin sa\u011fl\u0131kl\u0131 geli\u015fimi i\u00e7in\u00a0 ekim ve de\u011fi\u015fim zamanlar\u0131nda Nif Organik Solucan G\u00fcbresi ile destekleyiniz<\/p>\n<p><strong>ANAL\u0130Z DE\u011eERLER\u0130\u00a0<\/strong><\/p>\n<p>pH 6,4-6,60 (N\u00f6tr) EC 1-2 mS\/cm\u00a0 Organik Madde oran\u0131\u00a0\u00a0 min %40-50<\/p>\n","protected":false},"featured_media":1283,"template":"","meta":{"_acf_changed":false},"product_brand":[],"product_cat":[39],"product_tag":[],"class_list":{"0":"post-2163","1":"product","2":"type-product","3":"status-publish","4":"has-post-thumbnail","6":"product_cat-tarim","8":"first","9":"instock","10":"shipping-taxable","11":"product-type-simple"},"acf":[],"_links":{"self":[{"href":"https:\/\/www.aydinlarmadencilik.com.tr\/ar\/wp-json\/wp\/v2\/product\/2163","targetHints":{"allow":["GET"]}}],"collection":[{"href":"https:\/\/www.aydinlarmadencilik.com.tr\/ar\/wp-json\/wp\/v2\/product"}],"about":[{"href":"https:\/\/www.aydinlarmadencilik.com.tr\/ar\/wp-json\/wp\/v2\/types\/product"}],"wp:featuredmedia":[{"embeddable":true,"href":"https:\/\/www.aydinlarmadencilik.com.tr\/ar\/wp-json\/wp\/v2\/media\/1283"}],"wp:attachment":[{"href":"https:\/\/www.aydinlarmadencilik.com.tr\/ar\/wp-json\/wp\/v2\/media?parent=2163"}],"wp:term":[{"taxonomy":"product_brand","embeddable":true,"href":"https:\/\/www.aydinlarmadencilik.com.tr\/ar\/wp-json\/wp\/v2\/product_brand?post=2163"},{"taxonomy":"product_cat","embeddable":true,"href":"https:\/\/www.aydinlarmadencilik.com.tr\/ar\/wp-json\/wp\/v2\/product_cat?post=2163"},{"taxonomy":"product_tag","embeddable":true,"href":"https:\/\/www.aydinlarmadencilik.com.tr\/ar\/wp-json\/wp\/v2\/product_tag?post=2163"}],"curies":[{"name":"wp","href":"https:\/\/api.w.org\/{rel}","templated":true}]}}