{"id":2362,"date":"2025-02-27T10:07:30","date_gmt":"2025-02-27T10:07:30","guid":{"rendered":"https:\/\/www.aydinlarmadencilik.com.tr\/?post_type=product&#038;p=2362"},"modified":"2025-02-27T10:07:53","modified_gmt":"2025-02-27T10:07:53","slug":"bazalt","status":"publish","type":"product","link":"https:\/\/www.aydinlarmadencilik.com.tr\/ar\/product\/bazalt\/","title":{"rendered":"Bazalt"},"content":{"rendered":"","protected":false},"excerpt":{"rendered":"<p><strong>Bazalt<\/strong><\/p>\n<p>Bazalt, volkanik bir kaya\u00e7t\u0131r ve siyah ya da siyaha yak\u0131n gri renklerde bulunabilir. Homojen yap\u0131da olan bu kaya\u00e7, 6.5-7 Mohs sertli\u011findedir ve olduk\u00e7a dayan\u0131kl\u0131d\u0131r.<\/p>\n<p><strong>Kullan\u0131m Alanlar\u0131:<\/strong><\/p>\n<ul>\n<li>Filtre Kumu<\/li>\n<li>A\u015f\u0131nd\u0131r\u0131c\u0131<\/li>\n<li>Kumlama (Raspa) Kumu<\/li>\n<li>Yap\u0131 Kimyasallar\u0131<\/li>\n<li>Beton Y\u00fczey Sertle\u015ftirici<\/li>\n<li>Balast Ta\u015f\u0131 vb. alanlarda kullan\u0131l\u0131r.<\/li>\n<\/ul>\n<p><b class=\"mt-30\">\u00dcr\u00fcn \u00d6zellikleri<\/b><\/p>\n<table>\n<tbody>\n<tr>\n<td>Kimyasal Yap\u0131s\u0131<\/td>\n<td>SiO2 : 57 \u2013 65<br \/>\nAl2O3 : 16 \u2013 20<\/td>\n<\/tr>\n<tr>\n<td>\u00d6zg\u00fcl A\u011f\u0131rl\u0131\u011f\u0131<\/td>\n<td>2,7 gr\/cm3<\/td>\n<\/tr>\n<tr>\n<td>MOHS\u2019 Sertli\u011fi<\/td>\n<td>6 \u2013 7<\/td>\n<\/tr>\n<tr>\n<td>Renk<\/td>\n<td>Siyah<\/td>\n<\/tr>\n<\/tbody>\n<\/table>\n<div class=\"clearfix\"><\/div>\n<p><b class=\"mt-30\">\u00dcr\u00fcn \u00d6l\u00e7\u00fcleri<\/b><\/p>\n<table>\n<tbody>\n<tr>\n<td>0 \u2013 500 \u00b5m<\/td>\n<td>0 \u2013 1000 \u00b5m<\/td>\n<\/tr>\n<tr>\n<td>500 \u2013 1000 \u00b5m<\/td>\n<td>1000 \u2013 2000 \u00b5m<\/td>\n<\/tr>\n<tr>\n<td>400 \u2013 2800 \u00b5m<\/td>\n<td>1000 \u2013 3000 \u00b5m<\/td>\n<\/tr>\n<tr>\n<td><\/td>\n<td>2000 \u2013 4000 \u00b5m<\/td>\n<\/tr>\n<\/tbody>\n<\/table>\n","protected":false},"featured_media":664,"template":"","meta":{"_acf_changed":false},"product_brand":[],"product_cat":[36],"product_tag":[],"class_list":{"0":"post-2362","1":"product","2":"type-product","3":"status-publish","4":"has-post-thumbnail","6":"product_cat-endustriyel-kumlar","8":"first","9":"instock","10":"shipping-taxable","11":"product-type-simple"},"acf":[],"_links":{"self":[{"href":"https:\/\/www.aydinlarmadencilik.com.tr\/ar\/wp-json\/wp\/v2\/product\/2362","targetHints":{"allow":["GET"]}}],"collection":[{"href":"https:\/\/www.aydinlarmadencilik.com.tr\/ar\/wp-json\/wp\/v2\/product"}],"about":[{"href":"https:\/\/www.aydinlarmadencilik.com.tr\/ar\/wp-json\/wp\/v2\/types\/product"}],"wp:featuredmedia":[{"embeddable":true,"href":"https:\/\/www.aydinlarmadencilik.com.tr\/ar\/wp-json\/wp\/v2\/media\/664"}],"wp:attachment":[{"href":"https:\/\/www.aydinlarmadencilik.com.tr\/ar\/wp-json\/wp\/v2\/media?parent=2362"}],"wp:term":[{"taxonomy":"product_brand","embeddable":true,"href":"https:\/\/www.aydinlarmadencilik.com.tr\/ar\/wp-json\/wp\/v2\/product_brand?post=2362"},{"taxonomy":"product_cat","embeddable":true,"href":"https:\/\/www.aydinlarmadencilik.com.tr\/ar\/wp-json\/wp\/v2\/product_cat?post=2362"},{"taxonomy":"product_tag","embeddable":true,"href":"https:\/\/www.aydinlarmadencilik.com.tr\/ar\/wp-json\/wp\/v2\/product_tag?post=2362"}],"curies":[{"name":"wp","href":"https:\/\/api.w.org\/{rel}","templated":true}]}}