{"id":2370,"date":"2025-02-27T10:21:40","date_gmt":"2025-02-27T10:21:40","guid":{"rendered":"https:\/\/www.aydinlarmadencilik.com.tr\/?post_type=product&#038;p=2370"},"modified":"2025-02-27T10:21:40","modified_gmt":"2025-02-27T10:21:40","slug":"curuf-volkanik-tuf","status":"publish","type":"product","link":"https:\/\/www.aydinlarmadencilik.com.tr\/ar\/product\/curuf-volkanik-tuf\/","title":{"rendered":"C\u00fcruf (Volkanik T\u00fcf)"},"content":{"rendered":"","protected":false},"excerpt":{"rendered":"<p>&nbsp;<\/p>\n<p><strong>\u0130\u00e7erik:\u00a0<\/strong>Volkan patlamas\u0131ndan olu\u015fmu\u015f t\u00fcf (c\u00fcruf).<\/p>\n<p><strong>Kullan\u0131m Alan\u0131<\/strong><strong>:\u00a0<\/strong>\u00c7evre d\u00fczenlemelerinde dekoratif ama\u00e7l\u0131 kullan\u0131lmaktad\u0131r. Kullan\u0131ld\u0131\u011f\u0131 alanda \u00fcr\u00fcn\u00fcn steril olmas\u0131ndan dolay\u0131 mantari faaliyetlere kar\u015f\u0131 koruyucu \u00f6zelli\u011fi bulunmaktad\u0131r.<\/p>\n<p><strong>Kullan\u0131m \u015eekli:\u00a0<\/strong>\u0130htiya\u00e7 kadar kullan\u0131labilir.<\/p>\n<p><strong>Ambalaj<\/strong><strong>:\u00a0<\/strong>40 LT<\/p>\n","protected":false},"featured_media":933,"template":"","meta":{"_acf_changed":false},"product_brand":[],"product_cat":[37],"product_tag":[],"class_list":{"0":"post-2370","1":"product","2":"type-product","3":"status-publish","4":"has-post-thumbnail","6":"product_cat-dogal-taslar","8":"first","9":"instock","10":"shipping-taxable","11":"product-type-simple"},"acf":[],"_links":{"self":[{"href":"https:\/\/www.aydinlarmadencilik.com.tr\/ar\/wp-json\/wp\/v2\/product\/2370","targetHints":{"allow":["GET"]}}],"collection":[{"href":"https:\/\/www.aydinlarmadencilik.com.tr\/ar\/wp-json\/wp\/v2\/product"}],"about":[{"href":"https:\/\/www.aydinlarmadencilik.com.tr\/ar\/wp-json\/wp\/v2\/types\/product"}],"wp:featuredmedia":[{"embeddable":true,"href":"https:\/\/www.aydinlarmadencilik.com.tr\/ar\/wp-json\/wp\/v2\/media\/933"}],"wp:attachment":[{"href":"https:\/\/www.aydinlarmadencilik.com.tr\/ar\/wp-json\/wp\/v2\/media?parent=2370"}],"wp:term":[{"taxonomy":"product_brand","embeddable":true,"href":"https:\/\/www.aydinlarmadencilik.com.tr\/ar\/wp-json\/wp\/v2\/product_brand?post=2370"},{"taxonomy":"product_cat","embeddable":true,"href":"https:\/\/www.aydinlarmadencilik.com.tr\/ar\/wp-json\/wp\/v2\/product_cat?post=2370"},{"taxonomy":"product_tag","embeddable":true,"href":"https:\/\/www.aydinlarmadencilik.com.tr\/ar\/wp-json\/wp\/v2\/product_tag?post=2370"}],"curies":[{"name":"wp","href":"https:\/\/api.w.org\/{rel}","templated":true}]}}