{"id":2372,"date":"2025-02-27T10:25:47","date_gmt":"2025-02-27T10:25:47","guid":{"rendered":"https:\/\/www.aydinlarmadencilik.com.tr\/?post_type=product&#038;p=2372"},"modified":"2025-02-27T10:25:47","modified_gmt":"2025-02-27T10:25:47","slug":"kuvars-tasi","status":"publish","type":"product","link":"https:\/\/www.aydinlarmadencilik.com.tr\/ar\/product\/kuvars-tasi\/","title":{"rendered":"Kuvars Ta\u015f\u0131"},"content":{"rendered":"","protected":false},"excerpt":{"rendered":"<div class=\"detail-post\">\n<p><strong>\u0130\u00e7erik:\u00a0<\/strong>Kuvars Ta\u015f\u0131.<\/p>\n<p><strong>\u00dcr\u00fcn \u00d6l\u00e7\u00fcs\u00fc:\u00a0<\/strong>1-2 cm, 2-4 cm, 4-6 cm, 6-10 cm ebatlar\u0131nda \u00fcretilmektedir.<\/p>\n<p><strong>Kullan\u0131m Alan\u0131:\u00a0<\/strong>Peyzaj uygulamalar\u0131nda, s\u00fcsleme ama\u00e7l\u0131 kullan\u0131lmaktad\u0131r.<\/p>\n<p><strong>Kullan\u0131m \u015eekli:\u00a0<\/strong>\u0130htiya\u00e7 kadar kullan\u0131labilir.<\/p>\n<p><strong>Ambalaj:\u00a0<\/strong>20\u00a0kg veya bigbag.<\/p>\n<div class=\"clearfix\"><\/div>\n<\/div>\n<div id=\"other-images\" class=\"slider\">\n<div class=\"swiper mySwiper2 swiper-initialized swiper-horizontal swiper-backface-hidden\">\n<div id=\"swiper-wrapper-ec142950d331096101\" class=\"swiper-wrapper\" aria-live=\"polite\">\n<div class=\"swiper-slide swiper-slide-active swiper-slide-next\" role=\"group\" aria-label=\"1 \/ 1\" data-swiper-slide-index=\"0\"><picture class=\"sliderresim\"><source srcset=\"\/uploads\/quartz-1-3-1.jpg\" type=\"image\/webp\" \/><source srcset=\"\/uploads\/quartz-1-3-1.jpg\" type=\"image\/jpeg\" \/><\/picture><\/div>\n<\/div>\n<\/div>\n<\/div>\n","protected":false},"featured_media":938,"template":"","meta":{"_acf_changed":false},"product_brand":[],"product_cat":[37],"product_tag":[],"class_list":{"0":"post-2372","1":"product","2":"type-product","3":"status-publish","4":"has-post-thumbnail","6":"product_cat-dogal-taslar","8":"first","9":"instock","10":"shipping-taxable","11":"product-type-simple"},"acf":[],"_links":{"self":[{"href":"https:\/\/www.aydinlarmadencilik.com.tr\/ar\/wp-json\/wp\/v2\/product\/2372","targetHints":{"allow":["GET"]}}],"collection":[{"href":"https:\/\/www.aydinlarmadencilik.com.tr\/ar\/wp-json\/wp\/v2\/product"}],"about":[{"href":"https:\/\/www.aydinlarmadencilik.com.tr\/ar\/wp-json\/wp\/v2\/types\/product"}],"wp:featuredmedia":[{"embeddable":true,"href":"https:\/\/www.aydinlarmadencilik.com.tr\/ar\/wp-json\/wp\/v2\/media\/938"}],"wp:attachment":[{"href":"https:\/\/www.aydinlarmadencilik.com.tr\/ar\/wp-json\/wp\/v2\/media?parent=2372"}],"wp:term":[{"taxonomy":"product_brand","embeddable":true,"href":"https:\/\/www.aydinlarmadencilik.com.tr\/ar\/wp-json\/wp\/v2\/product_brand?post=2372"},{"taxonomy":"product_cat","embeddable":true,"href":"https:\/\/www.aydinlarmadencilik.com.tr\/ar\/wp-json\/wp\/v2\/product_cat?post=2372"},{"taxonomy":"product_tag","embeddable":true,"href":"https:\/\/www.aydinlarmadencilik.com.tr\/ar\/wp-json\/wp\/v2\/product_tag?post=2372"}],"curies":[{"name":"wp","href":"https:\/\/api.w.org\/{rel}","templated":true}]}}