{"id":2374,"date":"2025-02-27T10:31:23","date_gmt":"2025-02-27T10:31:23","guid":{"rendered":"https:\/\/www.aydinlarmadencilik.com.tr\/?post_type=product&#038;p=2374"},"modified":"2025-02-27T10:31:23","modified_gmt":"2025-02-27T10:31:23","slug":"kaktus-sukulent-topragi","status":"publish","type":"product","link":"https:\/\/www.aydinlarmadencilik.com.tr\/ar\/product\/kaktus-sukulent-topragi\/","title":{"rendered":"Kaktus Sukulent Topra\u011f\u0131"},"content":{"rendered":"","protected":false},"excerpt":{"rendered":"<p><strong>\u00d6ZELL\u0130KLER\u0130:<\/strong><\/p>\n<p>Nif Organik Kakt\u00fcs Sukulent Topra\u011f\u0131; i\u00e7inde bar\u0131nd\u0131rd\u0131\u011f\u0131 zengin besin de\u011ferleri ile bitkileri sa\u011fl\u0131kl\u0131 besler, h\u0131zl\u0131 ve dengeli b\u00fcy\u00fct\u00fcr. Do\u011fal ortam\u0131na uygun en ideal kar\u0131\u015f\u0131mla y\u00fcksek drenaj sa\u011flar. B\u00fcnyesinde patojen, nematot ve fungust bulundurmaz. Bu y\u00fczden hastal\u0131klara kar\u015f\u0131 bitkileri diren\u00e7li tutar.<\/p>\n<p><strong>Kullan\u0131m Alan\u0131:\u00a0<\/strong><\/p>\n<p>Suyu kendi depolar\u0131nda tutan, etli yaprakl\u0131 t\u00fcm i\u00e7 ve d\u0131\u015f mek\u00e2n kakt\u00fcs sukulent bitkilerinde kullan\u0131m i\u00e7in uygundur.<\/p>\n<p><strong>Ambalaj:\u00a0<\/strong><\/p>\n<p>3 LT<\/p>\n","protected":false},"featured_media":735,"template":"","meta":{"_acf_changed":false},"product_brand":[],"product_cat":[38],"product_tag":[],"class_list":{"0":"post-2374","1":"product","2":"type-product","3":"status-publish","4":"has-post-thumbnail","6":"product_cat-peyzaj-urunleri","8":"first","9":"instock","10":"shipping-taxable","11":"product-type-simple"},"acf":[],"_links":{"self":[{"href":"https:\/\/www.aydinlarmadencilik.com.tr\/ar\/wp-json\/wp\/v2\/product\/2374","targetHints":{"allow":["GET"]}}],"collection":[{"href":"https:\/\/www.aydinlarmadencilik.com.tr\/ar\/wp-json\/wp\/v2\/product"}],"about":[{"href":"https:\/\/www.aydinlarmadencilik.com.tr\/ar\/wp-json\/wp\/v2\/types\/product"}],"wp:featuredmedia":[{"embeddable":true,"href":"https:\/\/www.aydinlarmadencilik.com.tr\/ar\/wp-json\/wp\/v2\/media\/735"}],"wp:attachment":[{"href":"https:\/\/www.aydinlarmadencilik.com.tr\/ar\/wp-json\/wp\/v2\/media?parent=2374"}],"wp:term":[{"taxonomy":"product_brand","embeddable":true,"href":"https:\/\/www.aydinlarmadencilik.com.tr\/ar\/wp-json\/wp\/v2\/product_brand?post=2374"},{"taxonomy":"product_cat","embeddable":true,"href":"https:\/\/www.aydinlarmadencilik.com.tr\/ar\/wp-json\/wp\/v2\/product_cat?post=2374"},{"taxonomy":"product_tag","embeddable":true,"href":"https:\/\/www.aydinlarmadencilik.com.tr\/ar\/wp-json\/wp\/v2\/product_tag?post=2374"}],"curies":[{"name":"wp","href":"https:\/\/api.w.org\/{rel}","templated":true}]}}