{"id":2164,"date":"2025-02-24T10:43:48","date_gmt":"2025-02-24T10:43:48","guid":{"rendered":"https:\/\/www.aydinlarmadencilik.com.tr\/?post_type=product&#038;p=2164"},"modified":"2025-02-24T10:44:06","modified_gmt":"2025-02-24T10:44:06","slug":"atik-yonetimi","status":"publish","type":"product","link":"https:\/\/www.aydinlarmadencilik.com.tr\/en\/product\/atik-yonetimi\/","title":{"rendered":"At\u0131k Y\u00f6netimi"},"content":{"rendered":"<p>Organik i\u00e7erikli end\u00fcstriyel at\u0131klar\u0131n;\u00a0(tar\u0131m, bah\u00e7\u0131vanl\u0131k, su \u00fcr\u00fcnleri \u00fcretimi, ormanc\u0131l\u0131k, avc\u0131l\u0131k ve bal\u0131k\u00e7\u0131l\u0131ktan kaynaklanan at\u0131klar, meyve, sebze, tah\u0131l, yenilebilir ya\u011flar, kakao, kahve, \u00e7ay ve t\u00fct\u00fcn\u00fcn haz\u0131rlanmas\u0131ndan ve i\u015flenmesinden; konserve \u00fcretiminden, maya ve maya \u00f6z\u00fct\u00fc \u00fcretiminden, molas haz\u0131rlanmas\u0131 ve fermantasyonundan kaynaklanan at\u0131klar, alkoll\u00fc ve alkols\u00fcz i\u00e7eceklerin (kahve, \u00e7ay ve kakao hari\u00e7) \u00fcretiminden kaynaklanan at\u0131klar) kompost prosesinde i\u015flenmek \u00fczere tesise kabul\u00fc ger\u00e7ekle\u015ftirilmektedir. Kabul\u00fc ger\u00e7ekle\u015ftirilen at\u0131klar kompost i\u015fleminin ard\u0131ndan Tar\u0131m Bakanl\u0131\u011f\u0131\u2019n\u0131n vermi\u015f oldu\u011fu 8427 numaral\u0131\u00a0tescil belgesine sahip bitkisel men\u015feli kat\u0131 organik g\u00fcbre\u00a0olarak do\u011faya geri kazand\u0131r\u0131lmaktad\u0131r.<br \/>\n\u0130norganik i\u00e7erikli end\u00fcstriyel at\u0131klar\u0131n;\u00a0(demir ve \u00e7elik end\u00fcstrisinden kaynaklanan at\u0131klar, g\u00fcm\u00fc\u015f, alt\u0131n ve platin \u0131s\u0131l metal\u00fcrjisinden kaynaklanan at\u0131klar, demir d\u0131\u015f\u0131 \u0131s\u0131l metal\u00fcrjisinden kaynaklanan at\u0131klar, demir d\u00f6k\u00fcm i\u015fleminden kaynaklanan at\u0131klar, demir d\u0131\u015f\u0131 d\u00f6k\u00fcm at\u0131klar\u0131, metalik olmayan minerallerin fiziki ve kimyasal i\u015flemlerinden kaynaklanan at\u0131klar, demir d\u00f6k\u00fcm i\u015fleminden kaynaklanan at\u0131klar, demir d\u0131\u015f\u0131 d\u00f6k\u00fcm at\u0131klar\u0131, \u00e7imento, kire\u00e7 ve al\u00e7\u0131 ve bunlardan yap\u0131lan \u00fcr\u00fcnlerin \u00fcretim at\u0131klar\u0131, beton, tu\u011fla, kiremit ve seramik \u00fcr\u00fcnler, tu\u011flalar, fayanslar ve in\u015faat malzemelerinin \u00fcretiminden kaynaklan at\u0131k) tehlikesiz at\u0131k geri kazan\u0131m prosesinde i\u015flenmek \u00fczere tesise kabul\u00fc ger\u00e7ekle\u015ftirilmektedir. Kabul\u00fc ger\u00e7ekle\u015ftirilen at\u0131klar geri kazan\u0131m prosesinin ard\u0131ndan parke ta\u015f\u0131 ve a\u011f\u0131rl\u0131k malzemesi betonu yap\u0131m\u0131nda kullan\u0131lmak \u00fczere TS 2717 EN13139\u00a0standart\u0131na uygun \u015fekilde grit ve parke kumu olarak do\u011faya geri kazand\u0131r\u0131lmaktad\u0131r.<\/p>\n<p>&nbsp;<\/p>\n<p>End\u00fcstride y\u0131kama, temizleme ve at\u0131ksu ar\u0131t\u0131m\u0131ndan kaynaklanan \u00e7amurlar at\u0131k minimizasyonu kapsam\u0131nda \u00e7amur kurutma prosesine al\u0131narak nem oran\u0131n\u0131n d\u00fc\u015f\u00fcr\u00fclmesinin ard\u0131ndan lisansl\u0131 bertaraf\/geri kazan\u0131m tesisine g\u00f6nderilmektedir.<\/p>\n<p>&nbsp;<\/p>\n<p>Ayd\u0131nlar Madencilik olarak at\u0131k bertaraf ve geri kazan\u0131m tesislerimizde y\u0131ll\u0131k ortalama 200.000ton\/y\u0131l organik ve inorganik i\u00e7erikli end\u00fcstriyel at\u0131k i\u015flenerek, geri kazan\u0131m\u0131n\u0131 sa\u011flanmakta, tesise al\u0131narak her bir at\u0131k yeniden i\u015fleme tabi tutularak, m\u00fcmk\u00fcn oldu\u011fu en \u00fcst kapasitede yeni bir \u00fcr\u00fcn haline getirilerek, ekonomiye kazand\u0131r\u0131lmaktad\u0131r.<\/p>\n<p>Ayd\u0131nlar Madencilik olarak, ba\u015fta \u00e7evre ve \u00e7evresel de\u011ferler olmak \u00fczere, hayat\u0131n her alan\u0131nda s\u00fcrd\u00fcr\u00fclebilirli\u011fi ilke edinerek, \u00fclkemizin kalk\u0131nma faaliyetlerine katk\u0131 sunmak i\u00e7in \u00e7al\u0131\u015fmaktay\u0131z.<\/p>\n<p>&nbsp;<\/p>\n<p><strong>Biyobozunur At\u0131k \u0130\u015fleme \u2013 Kompost(R3)<\/strong><\/p>\n<ul>\n<li>020103 Bitki dokusu at\u0131klar\u0131 (1)(8)<\/li>\n<li>020107 Ormanc\u0131l\u0131k at\u0131klar\u0131 (1)(8)<\/li>\n<li>020304 T\u00fcketime yada i\u015flenmeye uygun olmayan maddeler (1)(8)<\/li>\n<li>020601 T\u00fcketime ve i\u015flenmeye uygun olmayan maddeler<\/li>\n<li>020701 Hammaddelerin y\u0131kanmas\u0131ndan, temizlenmesinden ve mekanik olarak s\u0131k\u0131lmas\u0131ndan kaynaklanan at\u0131klar<\/li>\n<li>020702 Alkol dam\u0131t\u0131lmas\u0131ndan kaynaklanan at\u0131klar<\/li>\n<li>020704 T\u00fcketime ya da i\u015flenmeye uygun olmayan maddeler<\/li>\n<li>030101 A\u011fa\u00e7 kabu\u011fu ve mantar at\u0131klar\u0131 (1)(8)<\/li>\n<li>030301 A\u011fa\u00e7 kabu\u011fu ve odun at\u0131klar\u0131 (1)(8)<\/li>\n<\/ul>\n<p>&nbsp;<\/p>\n<p><strong>Tehlikesiz At\u0131k Geri Kazan\u0131m (R5)<\/strong><\/p>\n<ul>\n<li>100121 10 01 20 d\u0131\u015f\u0131ndaki saha i\u00e7i at\u0131ksu ar\u0131t\u0131m\u0131ndan kaynaklanan \u00e7amurlar<\/li>\n<li>100201 C\u00fcruf i\u015fleme at\u0131klar\u0131<\/li>\n<li>100202 \u0130\u015flenmemi\u015f c\u00fcruf<\/li>\n<li>100210 Haddehane tufal\u0131<\/li>\n<li>100215 Di\u011fer \u00e7amurlar ve filtre kekleri<\/li>\n<li>100701 Birincil ve ikincil \u00fcretim c\u00fcruflar\u0131<\/li>\n<li>100702 Birincil ve ikincil \u00fcretimden kaynaklanan c\u00fcruf ve k\u00f6p\u00fckler<\/li>\n<li>100804 Partik\u00fcller ve toz<\/li>\n<li>100809 Di\u011fer c\u00fcruflar<\/li>\n<li>100903 Ocak c\u00fcruflar\u0131<\/li>\n<li>100906 10 09 05 d\u0131\u015f\u0131ndaki hen\u00fcz d\u00f6k\u00fcm yap\u0131lamam\u0131\u015f ma\u00e7a ve kum d\u00f6k\u00fcm kal\u0131plar\u0131<\/li>\n<li>100908 10 09 07 d\u0131\u015f\u0131nda d\u00f6k\u00fcm yap\u0131lm\u0131\u015f ma\u00e7a ve kum d\u00f6k\u00fcm kal\u0131plar\u0131<\/li>\n<li>101003 Ocak c\u00fcruflar\u0131<\/li>\n<li>101006 10 10 05 d\u0131\u015f\u0131ndaki hen\u00fcz d\u00f6k\u00fcm yap\u0131lamam\u0131\u015f ma\u00e7a ve kum d\u00f6k\u00fcm kal\u0131plar\u0131<\/li>\n<li>101008 10 10 07 d\u0131\u015f\u0131ndaki d\u00f6k\u00fcm yap\u0131lm\u0131\u015f ma\u00e7a ve kum d\u00f6k\u00fcm kal\u0131plar\u0131<\/li>\n<li>101301 Is\u0131l i\u015flem \u00f6ncesi kar\u0131\u015f\u0131m haz\u0131rlama at\u0131klar\u0131<\/li>\n<li>101304 Kirecin kalsinasyon ve hidratasyonundan kaynaklanan at\u0131klar<\/li>\n<li>101314 At\u0131k beton ve beton \u00e7amurlar\u0131<\/li>\n<\/ul>\n<p>&nbsp;<\/p>\n<p><strong>\u00c7amur Kurutma (R12)<\/strong><\/p>\n<ul>\n<li>020101 Y\u0131kama ve temizleme i\u015flemlerinden kaynaklanan \u00e7amurlar<\/li>\n<li>020201 Y\u0131kama ve temizlemeden kaynaklanan \u00e7amurlar<\/li>\n<li>020204 \u0130\u015fletme sahas\u0131 i\u00e7erisindeki at\u0131k su ar\u0131t\u0131m\u0131ndan kaynaklanan \u00e7amurlar<\/li>\n<li>020305 \u0130\u015fletme sahas\u0131 i\u00e7erisindeki at\u0131k su ar\u0131t\u0131m\u0131ndan kaynaklanan at\u0131klar<\/li>\n<li>020403 \u0130\u015fletme sahas\u0131 i\u00e7erisindeki at\u0131k su ar\u0131t\u0131m\u0131ndan kaynaklanan \u00e7amurlar<\/li>\n<li>020502 \u0130\u015fletme sahas\u0131 i\u00e7erisindeki at\u0131k su ar\u0131t\u0131m\u0131ndan kaynaklanan \u00e7amurlar<\/li>\n<li>020705 \u0130\u015fletme sahas\u0131 i\u00e7erisindeki at\u0131k su ar\u0131t\u0131m\u0131ndan kaynaklanan \u00e7amurlar<\/li>\n<li>030311 03 03 10 d\u0131\u015f\u0131ndaki saha i\u00e7i at\u0131k su ar\u0131t\u0131m\u0131ndan kaynaklanan \u00e7amurlar (8)<\/li>\n<li>040107 Saha i\u00e7i at\u0131ksu ar\u0131t\u0131m\u0131ndan kaynaklanan krom i\u00e7ermeyen \u00e7amurlar<\/li>\n<li>040220 04 02 19 d\u0131\u015f\u0131ndaki saha i\u00e7i at\u0131ksu ar\u0131t\u0131m\u0131ndan kaynaklanan \u00e7amurlar<\/li>\n<li>050110 05 01 09 d\u0131\u015f\u0131ndaki saha i\u00e7i at\u0131ksu ar\u0131t\u0131m\u0131ndan kaynaklanan \u00e7amurlar<\/li>\n<li>060503 06 05 02 d\u0131\u015f\u0131ndaki saha i\u00e7i at\u0131ksu ar\u0131t\u0131m\u0131ndan kaynaklanan \u00e7amurlar<\/li>\n<li>070212 07 02 11 d\u0131\u015f\u0131ndaki saha i\u00e7i at\u0131ksu ar\u0131t\u0131m\u0131ndan kaynaklanan \u00e7amurlar<\/li>\n<li>070312 07 03 11 d\u0131\u015f\u0131ndaki saha i\u00e7i at\u0131ksu ar\u0131t\u0131m\u0131ndan kaynaklanan \u00e7amurlar<\/li>\n<li>070412 07 04 11 d\u0131\u015f\u0131ndaki saha i\u00e7i at\u0131ksu ar\u0131t\u0131m\u0131ndan kaynaklanan \u00e7amurlar<\/li>\n<li>070512 07 05 11 d\u0131\u015f\u0131ndaki saha i\u00e7i at\u0131ksu ar\u0131t\u0131m\u0131ndan kaynaklanan \u00e7amurlar<\/li>\n<li>070612 07 06 11 d\u0131\u015f\u0131ndaki saha i\u00e7i at\u0131ksu ar\u0131t\u0131m\u0131ndan kaynaklanan \u00e7amurlar<\/li>\n<li>070712 07 07 11 d\u0131\u015f\u0131ndaki saha i\u00e7i at\u0131ksu ar\u0131t\u0131m\u0131ndan kaynaklanan \u00e7amurlar<\/li>\n<li>190206 19 02 05 d\u0131\u015f\u0131ndaki fiziksel ve kimyasal i\u015flemlerden kaynaklanan \u00e7amurlar\u0131<\/li>\n<li>190805 Kentsel at\u0131k suyun ar\u0131t\u0131lmas\u0131ndan kaynaklanan \u00e7amurlar (8)<\/li>\n<li>190812 19 08 11 d\u0131\u015f\u0131ndaki end\u00fcstriyel at\u0131k suyun biyolojik ar\u0131t\u0131lmas\u0131ndan kaynaklanan \u00e7amurlar (8)<\/li>\n<li>190814 19 08 13 d\u0131\u015f\u0131ndaki end\u00fcstriyel at\u0131k suyun di\u011fer y\u00f6ntemlerle ar\u0131t\u0131lmas\u0131ndan kaynaklanan \u00e7amurlar(8)<\/li>\n<li>190902 Su berrakla\u015ft\u0131r\u0131lmas\u0131ndan kaynaklanan \u00e7amurlar<\/li>\n<li>190903 Karbonat gidermeden kaynaklanan \u00e7amurlar<\/li>\n<li>190906 \u0130yon de\u011fi\u015ftiricilerinin rejenerasyonundan kaynaklanan sol\u00fcsyonlar ve \u00e7amurlar<\/li>\n<li>191106 19 11 05 d\u0131\u015f\u0131ndaki saha i\u00e7i at\u0131k su ar\u0131t\u0131m\u0131ndan kaynaklanan \u00e7amurlar<\/li>\n<li>191212 19 12 11 d\u0131\u015f\u0131ndaki at\u0131klar\u0131n mekanik i\u015flenmesinden kaynaklanan di\u011fer at\u0131klar(kar\u0131\u015f\u0131k malzemeler dahil)<\/li>\n<li>191304 19 13 03 d\u0131\u015f\u0131ndaki toprak \u0131slah\u0131ndan kaynaklanan \u00e7amurlar<\/li>\n<li>191306 19 13 05 d\u0131\u015f\u0131ndaki yeralt\u0131 suyunun \u0131slah\u0131ndan kaynaklanan \u00e7amurlar<\/li>\n<li>200304 Fosseptik \u00e7amurlar\u0131(8)<\/li>\n<\/ul>\n<hr \/>\n<h2><b>\u00c7evre \u0130zin ve Lisans Belgesi<\/b><\/h2>\n<p><img fetchpriority=\"high\" decoding=\"async\" class=\"alignnone size-medium wp-image-1361\" src=\"https:\/\/www.aydinlarmadencilik.com.tr\/wp-content\/uploads\/2025\/01\/cevre_izin-1-300x212.jpg\" alt=\"\" width=\"300\" height=\"212\" \/> <img decoding=\"async\" class=\"alignnone size-medium wp-image-1360\" src=\"https:\/\/www.aydinlarmadencilik.com.tr\/wp-content\/uploads\/2025\/01\/belge1-212x300.jpg\" alt=\"\" width=\"212\" height=\"300\" \/> <img decoding=\"async\" class=\"alignnone size-medium wp-image-1362\" src=\"https:\/\/www.aydinlarmadencilik.com.tr\/wp-content\/uploads\/2025\/01\/cevre2-212x300.jpg\" alt=\"\" width=\"212\" height=\"300\" \/><\/p>\n","protected":false},"excerpt":{"rendered":"<p>Ayd\u0131nlar Madencilik \u0130n\u015f. Tar. \u00dcrn. Hayv. San. Tic. LTD. \u015eT\u0130., 224865940.0.1 belge numaral\u0131 Tehlikesiz At\u0131k Geri Kazan\u0131m, Biyobozunur At\u0131k \u0130\u015fleme \u2013 Kompost konulu \u00c7evre \u0130zin ve Lisans Belgesi kapsam\u0131nda kompost, \u00e7amur kurutma ve tehlikesiz at\u0131k geri kazan\u0131m faaliyeti ger\u00e7ekle\u015ftirmektedir.<\/p>\n","protected":false},"featured_media":1409,"template":"","meta":{"_acf_changed":false},"product_brand":[],"product_cat":[40],"product_tag":[],"class_list":{"0":"post-2164","1":"product","2":"type-product","3":"status-publish","4":"has-post-thumbnail","6":"product_cat-atik-yonetimi","8":"first","9":"instock","10":"shipping-taxable","11":"product-type-simple"},"acf":[],"_links":{"self":[{"href":"https:\/\/www.aydinlarmadencilik.com.tr\/en\/wp-json\/wp\/v2\/product\/2164","targetHints":{"allow":["GET"]}}],"collection":[{"href":"https:\/\/www.aydinlarmadencilik.com.tr\/en\/wp-json\/wp\/v2\/product"}],"about":[{"href":"https:\/\/www.aydinlarmadencilik.com.tr\/en\/wp-json\/wp\/v2\/types\/product"}],"wp:featuredmedia":[{"embeddable":true,"href":"https:\/\/www.aydinlarmadencilik.com.tr\/en\/wp-json\/wp\/v2\/media\/1409"}],"wp:attachment":[{"href":"https:\/\/www.aydinlarmadencilik.com.tr\/en\/wp-json\/wp\/v2\/media?parent=2164"}],"wp:term":[{"taxonomy":"product_brand","embeddable":true,"href":"https:\/\/www.aydinlarmadencilik.com.tr\/en\/wp-json\/wp\/v2\/product_brand?post=2164"},{"taxonomy":"product_cat","embeddable":true,"href":"https:\/\/www.aydinlarmadencilik.com.tr\/en\/wp-json\/wp\/v2\/product_cat?post=2164"},{"taxonomy":"product_tag","embeddable":true,"href":"https:\/\/www.aydinlarmadencilik.com.tr\/en\/wp-json\/wp\/v2\/product_tag?post=2164"}],"curies":[{"name":"wp","href":"https:\/\/api.w.org\/{rel}","templated":true}]}}