{"id":2363,"date":"2025-02-27T10:09:56","date_gmt":"2025-02-27T10:09:56","guid":{"rendered":"https:\/\/www.aydinlarmadencilik.com.tr\/?post_type=product&#038;p=2363"},"modified":"2025-02-27T10:09:56","modified_gmt":"2025-02-27T10:09:56","slug":"korund","status":"publish","type":"product","link":"https:\/\/www.aydinlarmadencilik.com.tr\/en\/product\/korund\/","title":{"rendered":"Korund"},"content":{"rendered":"","protected":false},"excerpt":{"rendered":"<p><strong>Korund<\/strong><\/p>\n<p>EMERY olarak adland\u0131r\u0131lan Z\u0131mpara Ta\u015f\u0131&#8217;n\u0131n sertli\u011fi 8-9 Mohs&#8217;tur ve elmastan sonra en sert mineral olarak bilinir. Z\u0131mpara Ta\u015f\u0131 cevheri, \u00e7e\u015fitli k\u0131rma ve eleme i\u015flemlerinden ge\u00e7irilerek piyasaya sunulmaktad\u0131r. Genellikle gri renkte olup, bazen pembe, bronz, k\u0131rm\u0131z\u0131 ve ye\u015fil renklerde de k\u0131ymetli ta\u015f olarak bulunabilir. \u00d6zg\u00fcl a\u011f\u0131rl\u0131\u011f\u0131 3.9-4.1 g\/cm3 aras\u0131nda de\u011fi\u015fir. Ergime noktas\u0131 1950\u00b0C&#8217;dir ve Ca(HSO4)2 d\u0131\u015f\u0131ndaki asitlere kar\u015f\u0131 diren\u00e7lidir.<\/p>\n<p><strong>Kullan\u0131m Alanlar\u0131:<\/strong><\/p>\n<ul>\n<li>A\u015f\u0131nd\u0131r\u0131c\u0131lar ve Abrasiv Sekt\u00f6r\u00fc<\/li>\n<li>Z\u0131mpara Ka\u011f\u0131d\u0131<\/li>\n<li>Ta\u015flama Ta\u015f\u0131<\/li>\n<li>Kumlama (Raspa) Kumu<\/li>\n<li>Zemin Sertle\u015ftirici<\/li>\n<li>Yap\u0131 Kimyasallar\u0131<\/li>\n<li>A\u011f\u0131r Beton \u00dcretiminde<\/li>\n<li>\u00c7imento Sekt\u00f6r\u00fc vb. alanlarda kullan\u0131lmaktad\u0131r.<\/li>\n<\/ul>\n<h4><\/h4>\n<div class=\"clearfix\"><\/div>\n<p><b class=\"mt-30\">\u00dcr\u00fcn \u00d6zellikleri<\/b><\/p>\n<table>\n<tbody>\n<tr>\n<td><strong>K\u0130MYASAL ANAL\u0130Z<\/strong><\/td>\n<td><\/td>\n<\/tr>\n<tr>\n<td>SiO<sub>2<\/sub><\/td>\n<td>40-60 %<\/td>\n<\/tr>\n<tr>\n<td>Al2O3<\/td>\n<td>10-20 %<\/td>\n<\/tr>\n<tr>\n<td>Fe2O3<\/td>\n<td>5-13 %<\/td>\n<\/tr>\n<tr>\n<td>CaO<\/td>\n<td>5-13 %<\/td>\n<\/tr>\n<tr>\n<td>MgO<\/td>\n<td>5-13 %<\/td>\n<\/tr>\n<tr>\n<td>Na2O<\/td>\n<td>&lt;4 %<\/td>\n<\/tr>\n<tr>\n<td>K2O<\/td>\n<td>&lt;4 %<\/td>\n<\/tr>\n<tr>\n<td>TiO2<\/td>\n<td>&lt;3 %<\/td>\n<\/tr>\n<tr>\n<td>A.Z. (LOI)<\/td>\n<td>1-5 %<\/td>\n<\/tr>\n<tr>\n<td><strong>F\u0130Z\u0130KSEL \u00d6ZELL\u0130KLER<\/strong><\/td>\n<td><\/td>\n<\/tr>\n<tr>\n<td>Yo\u011funluk<\/td>\n<td>3.9 &#8211; 4.20 gr\/cm<sup>3<\/sup><\/td>\n<\/tr>\n<tr>\n<td>Y\u0131\u011f\u0131n Yo\u011funlu\u011fu<\/td>\n<td>1,50\u00b10,1 gr\/cm<sup>3<\/sup><\/td>\n<\/tr>\n<tr>\n<td>Tane \u015eekli<\/td>\n<td>K\u00f6\u015feli<\/td>\n<\/tr>\n<tr>\n<td>Sertlik<\/td>\n<td>6.5-7 Mohs<\/td>\n<\/tr>\n<tr>\n<td>Renk<\/td>\n<td>Kahve \/ Siyah<\/td>\n<\/tr>\n<tr>\n<td><strong>AMBALAJ ve SEVK\u0130YAT<\/strong><\/td>\n<td><\/td>\n<\/tr>\n<tr>\n<td>SEVK\u0130YAT<\/td>\n<td>A\u00e7\u0131k Damper, Silobas, Paletli<\/td>\n<\/tr>\n<tr>\n<td>AMBALAJ<\/td>\n<td>PP Torba (25 Kg), B\u0130GBAG Torba (1250 kg)<\/td>\n<\/tr>\n<tr>\n<td><strong>Kimyasal Yap\u0131s\u0131<\/strong><\/td>\n<td><\/td>\n<\/tr>\n<tr>\n<td>SiO<sub>2<\/sub><\/td>\n<td>12-17 %<\/td>\n<\/tr>\n<tr>\n<td>Fe<sub>2<\/sub>O<sub>3<\/sub><\/td>\n<td>10-15 %<\/td>\n<\/tr>\n<tr>\n<td>Al<sub>2<\/sub>O<sub>3<\/sub><\/td>\n<td>50-55 %<\/td>\n<\/tr>\n<tr>\n<td>\u00d6zg\u00fcl A\u011f\u0131rl\u0131\u011f\u0131<\/td>\n<td>2,92 gr\/cm<sup>3<\/sup><\/td>\n<\/tr>\n<tr>\n<td>MOHS\u2019 Sertli\u011fi<\/td>\n<td>9-10<\/td>\n<\/tr>\n<tr>\n<td>Renk<\/td>\n<td>Siyah<\/td>\n<\/tr>\n<\/tbody>\n<\/table>\n<div class=\"clearfix\"><\/div>\n<p><b class=\"mt-30\">\u00dcr\u00fcn \u00d6l\u00e7\u00fcleri<\/b><\/p>\n<table>\n<tbody>\n<tr>\n<td>200 \u2013 600 \u00b5m<\/td>\n<td>400 \u2013 2800\u00a0\u00b5m<\/td>\n<\/tr>\n<\/tbody>\n<\/table>\n","protected":false},"featured_media":686,"template":"","meta":{"_acf_changed":false},"product_brand":[],"product_cat":[36],"product_tag":[],"class_list":{"0":"post-2363","1":"product","2":"type-product","3":"status-publish","4":"has-post-thumbnail","6":"product_cat-endustriyel-kumlar","8":"first","9":"instock","10":"shipping-taxable","11":"product-type-simple"},"acf":[],"_links":{"self":[{"href":"https:\/\/www.aydinlarmadencilik.com.tr\/en\/wp-json\/wp\/v2\/product\/2363","targetHints":{"allow":["GET"]}}],"collection":[{"href":"https:\/\/www.aydinlarmadencilik.com.tr\/en\/wp-json\/wp\/v2\/product"}],"about":[{"href":"https:\/\/www.aydinlarmadencilik.com.tr\/en\/wp-json\/wp\/v2\/types\/product"}],"wp:featuredmedia":[{"embeddable":true,"href":"https:\/\/www.aydinlarmadencilik.com.tr\/en\/wp-json\/wp\/v2\/media\/686"}],"wp:attachment":[{"href":"https:\/\/www.aydinlarmadencilik.com.tr\/en\/wp-json\/wp\/v2\/media?parent=2363"}],"wp:term":[{"taxonomy":"product_brand","embeddable":true,"href":"https:\/\/www.aydinlarmadencilik.com.tr\/en\/wp-json\/wp\/v2\/product_brand?post=2363"},{"taxonomy":"product_cat","embeddable":true,"href":"https:\/\/www.aydinlarmadencilik.com.tr\/en\/wp-json\/wp\/v2\/product_cat?post=2363"},{"taxonomy":"product_tag","embeddable":true,"href":"https:\/\/www.aydinlarmadencilik.com.tr\/en\/wp-json\/wp\/v2\/product_tag?post=2363"}],"curies":[{"name":"wp","href":"https:\/\/api.w.org\/{rel}","templated":true}]}}