{"id":2364,"date":"2025-02-27T10:11:15","date_gmt":"2025-02-27T10:11:15","guid":{"rendered":"https:\/\/www.aydinlarmadencilik.com.tr\/?post_type=product&#038;p=2364"},"modified":"2025-02-27T10:11:15","modified_gmt":"2025-02-27T10:11:15","slug":"silis-kumu","status":"publish","type":"product","link":"https:\/\/www.aydinlarmadencilik.com.tr\/en\/product\/silis-kumu\/","title":{"rendered":"Silis Kumu"},"content":{"rendered":"","protected":false},"excerpt":{"rendered":"<p><strong>Silis Kumu: Genel Bak\u0131\u015f<\/strong><\/p>\n<p>Silis kumu, kuvars (SiO2) taneciklerinden olu\u015fur ve kuvars\u00e7a zengin magmatik ve metamorfik kaya\u00e7lar\u0131n ayr\u0131\u015fmas\u0131 sonucu meydana gelir. Silika (SiO2) i\u00e7eri\u011fi y\u00fcksek bu kum, az miktarda kil, feldspat, demir oksitleri ve karbonatlar i\u00e7erebilir. Do\u011fada hem saf formda bulunabilir hem de istenmeyen safs\u0131zl\u0131klarla kar\u0131\u015f\u0131k halde bulunabilir. Kullan\u0131m ama\u00e7lar\u0131na g\u00f6re silis kumu, istenilen fiziksel ve kimyasal \u00f6zelliklere sahip olmas\u0131 i\u00e7in \u00e7e\u015fitli haz\u0131rl\u0131k i\u015flemlerinden ge\u00e7irilebilir.<\/p>\n<p><strong>Silis Kumunun Kullan\u0131m Alanlar\u0131<\/strong><\/p>\n<p>Silis kumu, d\u00f6k\u00fcmhaneler, ar\u0131tma tesisleri, y\u00fczey temizli\u011fi, kumlama, in\u015faat malzemeleri, kimya sanayi, cam \u00fcretimi, spor sahalar\u0131 ve dekoratif d\u0131\u015f cephe kaplamalar\u0131 gibi \u00e7e\u015fitli ama\u00e7larla yayg\u0131n olarak kullan\u0131lmaktad\u0131r. \u00c7ok y\u00f6nl\u00fc \u00f6zellikleri ve fiziksel karakteristikleri, silis kumunu bir\u00e7ok sekt\u00f6rde de\u011ferli bir kaynak haline getirmektedir.<\/p>\n<div class=\"clearfix\"><\/div>\n<p><b class=\"mt-30\">\u00dcr\u00fcn \u00d6zellikleri<\/b><\/p>\n<table>\n<tbody>\n<tr>\n<td><strong>Kimyasal Yap\u0131<\/strong><\/td>\n<td><\/td>\n<\/tr>\n<tr>\n<td><\/td>\n<td><strong>CaO: 14 &#8211; 16%<\/strong><\/td>\n<\/tr>\n<tr>\n<td><\/td>\n<td><strong>SiO<sub>2<\/sub>: 70 &#8211; 74%<\/strong><\/td>\n<\/tr>\n<\/tbody>\n<\/table>\n<div class=\"clearfix\"><\/div>\n<p><b class=\"mt-30\">\u00dcr\u00fcn \u00d6l\u00e7\u00fcleri<\/b><\/p>\n<table>\n<tbody>\n<tr>\n<td><strong>0 \u2013 1000\u00a0\u00b5\u00a0 \u00a0 \u00a0 \u00a0 \u00a0 \u00a0 \u00a0 \u00a0 \u00a0 \u00a0 \u00a0 \u00a0 \u00a0 \u00a0 \u00a0 \u00a0 \u00a0 \u00a0 \u00a0 \u00a0 \u00a0 \u00a0 \u00a0 \u00a0 \u00a0 \u00a0 \u00a0 \u00a0 \u00a0\u00a0<\/strong><\/td>\n<\/tr>\n<tr>\n<td><strong>0 \u2013 2000\u00a0\u00b5<\/strong><\/td>\n<\/tr>\n<\/tbody>\n<\/table>\n<table>\n<tbody>\n<tr>\n<td><strong>0 \u2013 3000\u00a0\u00b5<\/strong><\/td>\n<\/tr>\n<tr>\n<td><strong>0 \u2013 4000\u00a0\u00b5<\/strong><\/td>\n<\/tr>\n<tr>\n<td><strong>0 \u2013 8000\u00a0\u00b5<\/strong><\/td>\n<\/tr>\n<tr>\n<td><strong>0 \u2013 600\u00a0\u00b5\u00a0+600 \u00b5 max %10<\/strong><\/td>\n<\/tr>\n<tr>\n<td><strong>600-1200\u00b5 -600\u00b5 max %25 \/ +1200\u00b5 max %10<\/strong><\/td>\n<\/tr>\n<\/tbody>\n<\/table>\n","protected":false},"featured_media":713,"template":"","meta":{"_acf_changed":false},"product_brand":[],"product_cat":[36],"product_tag":[],"class_list":{"0":"post-2364","1":"product","2":"type-product","3":"status-publish","4":"has-post-thumbnail","6":"product_cat-endustriyel-kumlar","8":"first","9":"instock","10":"shipping-taxable","11":"product-type-simple"},"acf":[],"_links":{"self":[{"href":"https:\/\/www.aydinlarmadencilik.com.tr\/en\/wp-json\/wp\/v2\/product\/2364","targetHints":{"allow":["GET"]}}],"collection":[{"href":"https:\/\/www.aydinlarmadencilik.com.tr\/en\/wp-json\/wp\/v2\/product"}],"about":[{"href":"https:\/\/www.aydinlarmadencilik.com.tr\/en\/wp-json\/wp\/v2\/types\/product"}],"wp:featuredmedia":[{"embeddable":true,"href":"https:\/\/www.aydinlarmadencilik.com.tr\/en\/wp-json\/wp\/v2\/media\/713"}],"wp:attachment":[{"href":"https:\/\/www.aydinlarmadencilik.com.tr\/en\/wp-json\/wp\/v2\/media?parent=2364"}],"wp:term":[{"taxonomy":"product_brand","embeddable":true,"href":"https:\/\/www.aydinlarmadencilik.com.tr\/en\/wp-json\/wp\/v2\/product_brand?post=2364"},{"taxonomy":"product_cat","embeddable":true,"href":"https:\/\/www.aydinlarmadencilik.com.tr\/en\/wp-json\/wp\/v2\/product_cat?post=2364"},{"taxonomy":"product_tag","embeddable":true,"href":"https:\/\/www.aydinlarmadencilik.com.tr\/en\/wp-json\/wp\/v2\/product_tag?post=2364"}],"curies":[{"name":"wp","href":"https:\/\/api.w.org\/{rel}","templated":true}]}}