{"id":2368,"date":"2025-02-27T10:20:45","date_gmt":"2025-02-27T10:20:45","guid":{"rendered":"https:\/\/www.aydinlarmadencilik.com.tr\/?post_type=product&#038;p=2368"},"modified":"2025-02-27T10:20:45","modified_gmt":"2025-02-27T10:20:45","slug":"dere-cakili-dogal-dalaman-miciri","status":"publish","type":"product","link":"https:\/\/www.aydinlarmadencilik.com.tr\/en\/product\/dere-cakili-dogal-dalaman-miciri\/","title":{"rendered":"Dere \u00c7ak\u0131l\u0131 (Do\u011fal Dalaman M\u0131c\u0131r\u0131)"},"content":{"rendered":"","protected":false},"excerpt":{"rendered":"<p><strong>\u0130\u00e7erik:\u00a0<\/strong>Toros da\u011flar\u0131n\u0131n \u00e7aylar\u0131nda olu\u015fmu\u015f do\u011fal m\u0131c\u0131rd\u0131r.<strong>\u00a0\u00a0\u00a0\u00a0\u00a0\u00a0\u00a0\u00a0\u00a0\u00a0<\/strong><\/p>\n<p><strong>\u00dcr\u00fcn \u00d6l\u00e7\u00fcs\u00fc:\u00a0<\/strong>3-5mm, 5-10 mm, 10-15 mm, 15-30 mm, 25-60 mm ebatlar\u0131nda \u00fcretilmektedir.<\/p>\n<p><strong>Kullan\u0131m Alan\u0131:\u00a0<\/strong>Peyzaj uygulamalar\u0131nda, s\u00fcsleme ama\u00e7l\u0131 kullan\u0131l\u0131r.<\/p>\n<p><strong>Kullan\u0131m \u015eekli:\u00a0<\/strong>\u0130htiya\u00e7 kadar kullan\u0131labilir.<\/p>\n<p><strong>Ambalaj:\u00a0<\/strong>20\u00a0kg bigbag ve d\u00f6kme.<\/p>\n","protected":false},"featured_media":934,"template":"","meta":{"_acf_changed":false},"product_brand":[],"product_cat":[37],"product_tag":[],"class_list":{"0":"post-2368","1":"product","2":"type-product","3":"status-publish","4":"has-post-thumbnail","6":"product_cat-dogal-taslar","8":"first","9":"instock","10":"shipping-taxable","11":"product-type-simple"},"acf":[],"_links":{"self":[{"href":"https:\/\/www.aydinlarmadencilik.com.tr\/en\/wp-json\/wp\/v2\/product\/2368","targetHints":{"allow":["GET"]}}],"collection":[{"href":"https:\/\/www.aydinlarmadencilik.com.tr\/en\/wp-json\/wp\/v2\/product"}],"about":[{"href":"https:\/\/www.aydinlarmadencilik.com.tr\/en\/wp-json\/wp\/v2\/types\/product"}],"wp:featuredmedia":[{"embeddable":true,"href":"https:\/\/www.aydinlarmadencilik.com.tr\/en\/wp-json\/wp\/v2\/media\/934"}],"wp:attachment":[{"href":"https:\/\/www.aydinlarmadencilik.com.tr\/en\/wp-json\/wp\/v2\/media?parent=2368"}],"wp:term":[{"taxonomy":"product_brand","embeddable":true,"href":"https:\/\/www.aydinlarmadencilik.com.tr\/en\/wp-json\/wp\/v2\/product_brand?post=2368"},{"taxonomy":"product_cat","embeddable":true,"href":"https:\/\/www.aydinlarmadencilik.com.tr\/en\/wp-json\/wp\/v2\/product_cat?post=2368"},{"taxonomy":"product_tag","embeddable":true,"href":"https:\/\/www.aydinlarmadencilik.com.tr\/en\/wp-json\/wp\/v2\/product_tag?post=2368"}],"curies":[{"name":"wp","href":"https:\/\/api.w.org\/{rel}","templated":true}]}}